{"id":1196,"date":"2020-01-13T12:01:06","date_gmt":"2020-01-13T20:01:06","guid":{"rendered":"http:\/\/fng.cx\/?page_id=1196"},"modified":"2022-02-10T10:50:54","modified_gmt":"2022-02-10T18:50:54","slug":"accueil","status":"publish","type":"page","link":"https:\/\/fng.ca\/fr\/","title":{"rendered":"Publication des lois des Premi\u00e8res nations et avis public"},"content":{"rendered":"\n<div class=\"wp-block-columns is-layout-flex wp-container-core-columns-is-layout-9d6595d7 wp-block-columns-is-layout-flex\">\n<div class=\"wp-block-column is-layout-flow wp-block-column-is-layout-flow\">\n<h2 class=\"wp-block-heading\">Notre mission<\/h2>\n\n\n\n<p>La Gazette des premi\u00e8res nations publie les textes l\u00e9gislatifs des Premi\u00e8res nations et offre des services de publication d\u2019avis publics aux Premi\u00e8res nations, autres gouvernements, soci\u00e9t\u00e9s et autres personnes relativement aux affaires autochtones. Les services de la Gazette des premi\u00e8res nations sont offerts gratuitement et comprennent les lois des Premi\u00e8res nations qui ont \u00e9t\u00e9 promulgu\u00e9es en vertu de la <em>Loi sur la gestion financi\u00e8re des premi\u00e8res nations<\/em>, les r\u00e8glements administratifs promulgu\u00e9s en vertu de l&#8217;article 83 de la <em>Loi sur les Indiens<\/em> ou toute autre promulgation des Premi\u00e8res nations qu\u2019une Premi\u00e8re nation choisit de publier.<\/p>\n\n\n\n<p class=\"link-alternative link-text-alternative readmore\"><a href=\"\/fr\/a-propos\/\">En savoir plus<\/a><\/p>\n<\/div>\n\n\n\n<div class=\"wp-block-column is-layout-flow wp-block-column-is-layout-flow\">\n<div class=\"wp-block-columns is-layout-flex wp-container-core-columns-is-layout-9d6595d7 wp-block-columns-is-layout-flex\">\n<div class=\"wp-block-column home-parts part1 is-layout-flow wp-block-column-is-layout-flow\">\n<h2 class=\"part has-background wp-block-heading\" style=\"background-color:#003644\"><a href=\"https:\/\/parti.fng.ca\/fng-gpn-I\/fr\/nav.do\">Partie I<\/a><\/h2>\n\n\n\n<p><a href=\"https:\/\/parti.fng.ca\/fng-gpn-I\/fr\/nav.do\"><strong>Avis<\/strong><\/a><\/p>\n<\/div>\n\n\n\n<div class=\"wp-block-column home-parts part2 is-layout-flow wp-block-column-is-layout-flow\">\n<h2 class=\"part has-background wp-block-heading\" style=\"background-color:#d31e46\"><a href=\"https:\/\/partii-partiii.fng.ca\/fng-gpn-II-III\/fr\/nav.do\">Partie II<\/a><\/h2>\n\n\n\n<p><a href=\"https:\/\/partii-partiii.fng.ca\/fng-gpn-II-III\/fr\/nav.do\"><strong>Lois des Premi\u00e8res nations promulgu\u00e9es<\/strong><\/a><\/p>\n<\/div>\n\n\n\n<div class=\"wp-block-column home-parts part3 is-layout-flow wp-block-column-is-layout-flow\">\n<h2 class=\"part has-background wp-block-heading\" style=\"background-color:#bc601c\"><a href=\"https:\/\/partii-partiii.fng.ca\/fng-gpn-II-III\/fr\/nav.do\">Partie III<\/a><\/h2>\n\n\n\n<p><a href=\"https:\/\/partii-partiii.fng.ca\/fng-gpn-II-III\/fr\/nav.do\"><strong>Politiques, proc\u00e9dures et normes<\/strong><\/a><\/p>\n<\/div>\n<\/div>\n<\/div>\n<\/div>\n\n\n\n<div class=\"wp-block-group\"><div class=\"wp-block-group__inner-container is-layout-flow wp-block-group-is-layout-flow\">\n<h2 class=\"wp-block-heading\">Les annonces<\/h2>\n\n\n\n<p class=\"link-alternative\"><strong>1 juin 2021<\/strong> &#8211; <a href=\"\/fr\/declaration-du-president-de-la-commission-c-t-manny-jules\/\">D\u00e9claration du pr\u00e9sident de la Commission, C.T. (Manny) Jules, concernant la d\u00e9couverte sur le site de l\u2019ancien pensionnat autochtone de Kamloops<\/a><\/p>\n<\/div><\/div>\n\n\n\n<h2 class=\"wp-block-heading\">Quoi de neuf<\/h2>\n\n\n\n<div class=\"wp-block-columns is-layout-flex wp-container-core-columns-is-layout-9d6595d7 wp-block-columns-is-layout-flex\">\n<div class=\"wp-block-column is-layout-flow wp-block-column-is-layout-flow\">\n<p><h4 class=\"parti\">Partie I<\/h4>\n\t\t\t\t<p class=\"parti\"><a href=\"https:\/\/norma.lexum.com\/fng-gpn-i\/pi\/fr\/item\/522129\/index.do\"><strong>Proposed White Bear First Nations Annual Expenditure Law, 2025 - 2026-03-27<\/strong><\/a><\/p>\n\t\t\t\t<p class=\"parti\">White Bear - Nouveau document publi\u00e9 le 2026-03-27<\/p><\/p>\n<\/div>\n\n\n\n<div class=\"wp-block-column is-layout-flow wp-block-column-is-layout-flow\">\n<p><h4 class=\"partii\">Partie II<\/h4>\n\t\t\t\t<p class=\"partii\"><a href=\"https:\/\/norma.lexum.com\/fng-gpn-ii-iii\/pii\/fr\/item\/522325\/index.do\"><strong>Tobique First Nation Annual Expenditure Law, 2025 - 2026-03-24<\/strong><\/a><\/p>\n\t\t\t\t<p class=\"partii\">Loi sur la gestion financi\u00e8re des premi\u00e8res nations - Tobique - Nouveau document publi\u00e9 le 2026-04-01<\/p><\/p>\n<\/div>\n\n\n\n<div class=\"wp-block-column is-layout-flow wp-block-column-is-layout-flow\">\n<p><h4 class=\"partiii\">Gazettes num\u00e9riques annuelles<\/h4>\n\t\t\t\t<p class=\"partiii\"><a href=\"https:\/\/norma.lexum.com\/fng-gpn-ii-iii\/g\/fr\/item\/520911\/index.do\"><strong>Gazette des premi\u00e8res nations volume 26 (Gaz. PN 2021.26.) - 2022-02-15<\/strong><\/a><\/p>\n\t\t\t\t<p class=\"partiii\">Document mis-\u00e0-jour le 2022-04-14<\/p><\/p>\n<\/div>\n<\/div>\n","protected":false},"excerpt":{"rendered":"<p>Notre mission La Gazette des premi\u00e8res nations publie les textes l\u00e9gislatifs des Premi\u00e8res nations et offre des services de publication d\u2019avis publics aux Premi\u00e8res nations, autres gouvernements, soci\u00e9t\u00e9s et autres personnes relativement aux affaires autochtones. Les services de la Gazette des premi\u00e8res nations sont offerts gratuitement et comprennent les lois des Premi\u00e8res nations qui ont [&hellip;]<\/p>\n","protected":false},"author":1,"featured_media":704,"parent":0,"menu_order":0,"comment_status":"closed","ping_status":"closed","template":"","meta":{"_acf_changed":false,"footnotes":""},"class_list":["post-1196","page","type-page","status-publish","has-post-thumbnail","hentry"],"acf":[],"_links":{"self":[{"href":"https:\/\/fng.ca\/fr\/wp-json\/wp\/v2\/pages\/1196","targetHints":{"allow":["GET"]}}],"collection":[{"href":"https:\/\/fng.ca\/fr\/wp-json\/wp\/v2\/pages"}],"about":[{"href":"https:\/\/fng.ca\/fr\/wp-json\/wp\/v2\/types\/page"}],"author":[{"embeddable":true,"href":"https:\/\/fng.ca\/fr\/wp-json\/wp\/v2\/users\/1"}],"replies":[{"embeddable":true,"href":"https:\/\/fng.ca\/fr\/wp-json\/wp\/v2\/comments?post=1196"}],"version-history":[{"count":44,"href":"https:\/\/fng.ca\/fr\/wp-json\/wp\/v2\/pages\/1196\/revisions"}],"predecessor-version":[{"id":8186,"href":"https:\/\/fng.ca\/fr\/wp-json\/wp\/v2\/pages\/1196\/revisions\/8186"}],"wp:featuredmedia":[{"embeddable":true,"href":"https:\/\/fng.ca\/fr\/wp-json\/wp\/v2\/media\/704"}],"wp:attachment":[{"href":"https:\/\/fng.ca\/fr\/wp-json\/wp\/v2\/media?parent=1196"}],"curies":[{"name":"wp","href":"https:\/\/api.w.org\/{rel}","templated":true}]}}