{"id":1280,"date":"2020-01-13T12:44:44","date_gmt":"2020-01-13T20:44:44","guid":{"rendered":"http:\/\/fng.cx\/?page_id=1280"},"modified":"2021-11-19T06:52:04","modified_gmt":"2021-11-19T14:52:04","slug":"gazette-des-premieres-nations","status":"publish","type":"page","link":"https:\/\/fng.ca\/fr\/gazette-des-premieres-nations\/","title":{"rendered":"Les Parties de la Gazette des premi\u00e8res nations"},"content":{"rendered":"\n<p><\/p>\n\n\n\n<div class=\"wp-block-columns is-layout-flex wp-container-core-columns-is-layout-9d6595d7 wp-block-columns-is-layout-flex\">\n<div class=\"wp-block-column is-layout-flow wp-block-column-is-layout-flow\" style=\"flex-basis:33.33%\">\n<p><h4 class=\"parti\">Partie I<\/h4>\n\t\t\t\t<p class=\"parti\"><a href=\"https:\/\/norma.lexum.com\/fng-gpn-i\/pi\/fr\/item\/522129\/index.do\"><strong>Proposed White Bear First Nations Annual Expenditure Law, 2025 - 2026-03-27<\/strong><\/a><\/p>\n\t\t\t\t<p class=\"parti\">White Bear - Nouveau document publi\u00e9 le 2026-03-27<\/p><\/p>\n<\/div>\n\n\n\n<div class=\"wp-block-column is-layout-flow wp-block-column-is-layout-flow\" style=\"flex-basis:66.66%\">\n<h2 class=\"part has-background wp-block-heading\" style=\"background-color:#003644\"><a href=\"https:\/\/parti.fng.ca\/fng-gpn-I\/fr\/nav.do\">Partie I<\/a><\/h2>\n\n\n\n<p>Cette partie se veut le service de publication d\u2019avis publics. Elle comporte des avis publi\u00e9s par les gouvernements des Premi\u00e8res nations, de m\u00eame que des avis publi\u00e9s par d\u2019autres gouvernements, soci\u00e9t\u00e9s, organismes et autres intervenants relativement aux affaires autochtones.<\/p>\n<\/div>\n<\/div>\n\n\n\n<div class=\"wp-block-columns is-layout-flex wp-container-core-columns-is-layout-9d6595d7 wp-block-columns-is-layout-flex\">\n<div class=\"wp-block-column is-layout-flow wp-block-column-is-layout-flow\" style=\"flex-basis:33.33%\">\n<p><h4 class=\"partii\">Partie II<\/h4>\n\t\t\t\t<p class=\"partii\"><a href=\"https:\/\/norma.lexum.com\/fng-gpn-ii-iii\/pii\/fr\/item\/522325\/index.do\"><strong>Tobique First Nation Annual Expenditure Law, 2025 - 2026-03-24<\/strong><\/a><\/p>\n\t\t\t\t<p class=\"partii\">Loi sur la gestion financi\u00e8re des premi\u00e8res nations - Tobique - Nouveau document publi\u00e9 le 2026-04-01<\/p><\/p>\n<\/div>\n\n\n\n<div class=\"wp-block-column is-layout-flow wp-block-column-is-layout-flow\" style=\"flex-basis:66.66%\">\n<h2 class=\"part has-background wp-block-heading\" style=\"background-color:#d31e46\"><a href=\"https:\/\/partii-partiii.fng.ca\/fng-gpn-II-III\/fr\/nav.do\">Partie II<\/a><\/h2>\n\n\n\n<p>Cette partie se veut le registre de la l\u00e9gislation des Premi\u00e8res nations. Les textes l\u00e9gislatifs que l\u2019on retrouve dans la Partie II comprennent les lois dont la publication dans la <em>Gazette <\/em>est exig\u00e9e par une loi f\u00e9d\u00e9rale, ainsi que d\u2019autres textes l\u00e9gislatifs, r\u00e8glements administratifs, codes et autres promulgations envoy\u00e9s par les Premi\u00e8res nations \u00e0 la <em>Gazette<\/em> aux fins de publication.<\/p>\n\n\n\n<p>Tous les textes l\u00e9gislatifs, r\u00e8glements administratifs, codes et autres promulgations publi\u00e9s dans la Partie II sont compil\u00e9s dans une version num\u00e9rique annuelle de la <em>Gazette<\/em>.<\/p>\n<\/div>\n<\/div>\n\n\n\n<div class=\"wp-block-columns is-layout-flex wp-container-core-columns-is-layout-9d6595d7 wp-block-columns-is-layout-flex\">\n<div class=\"wp-block-column is-layout-flow wp-block-column-is-layout-flow\" style=\"flex-basis:33.33%\">\n<p><h4 class=\"partiii\">Gazettes num\u00e9riques annuelles<\/h4>\n\t\t\t\t<p class=\"partiii\"><a href=\"https:\/\/norma.lexum.com\/fng-gpn-ii-iii\/g\/fr\/item\/520911\/index.do\"><strong>Gazette des premi\u00e8res nations volume 26 (Gaz. PN 2021.26.) - 2022-02-15<\/strong><\/a><\/p>\n\t\t\t\t<p class=\"partiii\">Document mis-\u00e0-jour le 2022-04-14<\/p><\/p>\n<\/div>\n\n\n\n<div class=\"wp-block-column is-layout-flow wp-block-column-is-layout-flow\" style=\"flex-basis:66.66%\">\n<h2 class=\"part has-background wp-block-heading\" style=\"background-color:#bc601c\"><a href=\"https:\/\/partii-partiii.fng.ca\/fng-gpn-II-III\/fr\/nav.do\">Partie III<\/a><\/h2>\n\n\n\n<p>Cette partie comporte des documents li\u00e9s \u00e0 l\u2019\u00e9laboration des textes l\u00e9gislatifs des Premi\u00e8res nations, comme des normes, politiques, proc\u00e9dures et des mod\u00e8les de textes l\u00e9gislatifs et de r\u00e8glements administratifs. Cela comprend des mod\u00e8les de textes l\u00e9gislatifs cr\u00e9\u00e9s en vertu de la <em>Loi sur la gestion financi\u00e8re des premi\u00e8res nations<\/em>, des mod\u00e8les de r\u00e8glements administratifs en vertu de l\u2019article 83 de la <em>Loi sur les Indiens<\/em>, des normes et des proc\u00e9dures \u00e9tablies en vertu de la <em>Loi sur la gestion financi\u00e8re des premi\u00e8res nations<\/em>, de m\u00eame que les politiques de la <em>Gazette<\/em> et le <em>Guide stylistique de la Gazette des premi\u00e8res nations<\/em>.<\/p>\n<\/div>\n<\/div>\n","protected":false},"excerpt":{"rendered":"<p>Partie I Proposed White Bear First Nations Annual Expenditure Law, 2025 &#8211; 2026-03-27 White Bear &#8211; Nouveau document publi\u00e9 le 2026-03-27 Partie I Cette partie se veut le service de publication d\u2019avis publics. Elle comporte des avis publi\u00e9s par les gouvernements des Premi\u00e8res nations, de m\u00eame que des avis publi\u00e9s par d\u2019autres gouvernements, soci\u00e9t\u00e9s, organismes [&hellip;]<\/p>\n","protected":false},"author":1,"featured_media":3614,"parent":0,"menu_order":0,"comment_status":"closed","ping_status":"closed","template":"","meta":{"_acf_changed":false,"footnotes":""},"class_list":["post-1280","page","type-page","status-publish","has-post-thumbnail","hentry"],"acf":[],"_links":{"self":[{"href":"https:\/\/fng.ca\/fr\/wp-json\/wp\/v2\/pages\/1280","targetHints":{"allow":["GET"]}}],"collection":[{"href":"https:\/\/fng.ca\/fr\/wp-json\/wp\/v2\/pages"}],"about":[{"href":"https:\/\/fng.ca\/fr\/wp-json\/wp\/v2\/types\/page"}],"author":[{"embeddable":true,"href":"https:\/\/fng.ca\/fr\/wp-json\/wp\/v2\/users\/1"}],"replies":[{"embeddable":true,"href":"https:\/\/fng.ca\/fr\/wp-json\/wp\/v2\/comments?post=1280"}],"version-history":[{"count":38,"href":"https:\/\/fng.ca\/fr\/wp-json\/wp\/v2\/pages\/1280\/revisions"}],"predecessor-version":[{"id":8101,"href":"https:\/\/fng.ca\/fr\/wp-json\/wp\/v2\/pages\/1280\/revisions\/8101"}],"wp:featuredmedia":[{"embeddable":true,"href":"https:\/\/fng.ca\/fr\/wp-json\/wp\/v2\/media\/3614"}],"wp:attachment":[{"href":"https:\/\/fng.ca\/fr\/wp-json\/wp\/v2\/media?parent=1280"}],"curies":[{"name":"wp","href":"https:\/\/api.w.org\/{rel}","templated":true}]}}