{"id":1282,"date":"2020-01-13T12:45:15","date_gmt":"2020-01-13T20:45:15","guid":{"rendered":"http:\/\/fng.cx\/?page_id=1282"},"modified":"2021-12-17T15:58:12","modified_gmt":"2021-12-17T23:58:12","slug":"envois","status":"publish","type":"page","link":"https:\/\/fng.ca\/fr\/envois\/","title":{"rendered":"Envois"},"content":{"rendered":"\n<h2 class=\"wp-block-heading\">Les avis<\/h2>\n\n\n\n<p>La <em>Gazette des premi\u00e8res nations <\/em>offre un service en ligne pour la publication d\u2019avis concernant les affaires autochtones. Cela comprend les avis envoy\u00e9s par les gouvernements des Premi\u00e8res nations, les institutions gouvernementales, les organismes autochtones et le secteur priv\u00e9. Les avis sont publi\u00e9s dans la Partie I de la <em>Gazette<\/em>. Veuillez consulter la <a href=\"https:\/\/partii-partiii.fng.ca\/fng-gpn-II-III\/psg\/fr\/17700\/1\/document.do\"><em>Politique sur le service de publication d\u2019avis publics de la Gazette des premi\u00e8res nations<\/em><\/a> pour obtenir des renseignements d\u00e9taill\u00e9s suppl\u00e9mentaires, y compris les cat\u00e9gories d\u2019avis accept\u00e9es, le calendrier de publication, les exigences relatives \u00e0 l\u2019envoi d\u2019avis, les corrections et les r\u00e9tractations.<\/p>\n\n\n\n<p>Voici quelques exemples d\u2019avis qui peuvent \u00eatre envoy\u00e9s aux fins de publication&nbsp;:&nbsp;&nbsp;&nbsp;&nbsp;&nbsp;<\/p>\n\n\n\n<ul class=\"wp-block-list\"><li>Les avis de tenue d\u2019\u00e9lection ou de r\u00e9f\u00e9rendum;&nbsp;&nbsp;&nbsp;<\/li><li>Les consultations et la pr\u00e9sentation d\u2019observations par le public et les mesures l\u00e9gislatives propos\u00e9es;<\/li><li>Les d\u00e9penses et les taux d\u2019impositions des Premi\u00e8res nations propos\u00e9s;<\/li><li>Un avis en vertu de l\u2019article 6 de la Loi sur la gestion financi\u00e8re des premi\u00e8res nations (avis concernant une loi sur les recettes locales propos\u00e9e et une invitation \u00e0 pr\u00e9senter des observations);<\/li><li>Un avis de poste vacant ou une annonce de nomination au sein d\u2019une institution autochtone;<\/li><li>Une ordonnance d\u2019audition rendue par une commission d\u2019examen concernant un projet de pipeline.<\/li><\/ul>\n\n\n\n<h3 class=\"wp-block-heading\">Comment envoyer des avis \u00e0 publier<\/h3>\n\n\n\n<p><a href=\"https:\/\/fng.ca\/wp-content\/uploads\/2020\/06\/GPN_avis_guide_2020-06-12.pdf\" target=\"_blank\" rel=\"noreferrer noopener\"><strong>Cliquer ici pour t\u00e9l\u00e9charger le guide concernant l\u2019envoi<\/strong><\/a><\/p>\n\n\n\n<p><a href=\"https:\/\/fng.ca\/wp-content\/uploads\/2020\/06\/GPN_avis_formulaire_demande_2020-06-12.pdf\" target=\"_blank\" rel=\"noreferrer noopener\"><strong>Cliquer ici pour t\u00e9l\u00e9charger le formulaire d\u2019envoi d\u2019un avis comportant \u00e9galement les instructions<\/strong><\/a><\/p>\n\n\n\n<h2 class=\"wp-block-heading\">Les textes l\u00e9gislatifs, r\u00e8glements administratifs, codes et autres promulgations<\/h2>\n\n\n\n<p>Les textes l\u00e9gislatifs, r\u00e8glements administratifs, codes et autres promulgations des Premi\u00e8res nations sont publi\u00e9s dans la Partie II de la&nbsp;<em>Gazette<\/em>. La l\u00e9gislation qui se trouve dans la Partie II comprend les textes l\u00e9gislatifs dont la publication dans la <em>Gazette<\/em> est exig\u00e9e par une loi f\u00e9d\u00e9rale, de m\u00eame que d\u2019autres promulgations des Premi\u00e8res nations envoy\u00e9es \u00e0 la <em>Gazette<\/em>&nbsp;aux fins de publication. Veuillez consulter la <a href=\"https:\/\/partii-partiii.fng.ca\/fng-gpn-II-III\/psg\/fr\/17640\/1\/document.do\"><em>Politique relative \u00e0 la publication dans la Gazette des premi\u00e8res nations<\/em><\/a> pour obtenir des renseignements d\u00e9taill\u00e9s suppl\u00e9mentaires \u00e0 propos des exigences relatives \u00e0 l\u2019envoi de textes l\u00e9gislatifs, r\u00e8glements administratifs, codes et autres promulgations, ainsi que des calendriers de publication.<\/p>\n\n\n\n<p>Voici quelques exemples de textes l\u00e9gislatifs, r\u00e8glements administratifs, codes et autres promulgations des Premi\u00e8res nations&nbsp;:<\/p>\n\n\n\n<ul class=\"wp-block-list\"><li>Les lois promulgu\u00e9es en vertu de la <em>Loi sur la gestion financi\u00e8re des premi\u00e8res nations<\/em>;<\/li><li>Les r\u00e8glements administratifs promulgu\u00e9s en vertu des articles 81, 83 et 85 de la <em>Loi sur les Indiens<\/em>;<\/li><li>Les codes fonciers des Premi\u00e8res nations adopt\u00e9s en vertu de la<em> L&#8217;accord-cadre relatif <\/em>\u00e0<em> gestion des terres des premi\u00e8res nations<\/em>;<\/li><li>Les lois promulgu\u00e9es en vertu de la&nbsp;<em>Loi sur la taxe sur les produits et services des premi\u00e8res nations<\/em>; et<\/li><li>Les codes \u00e9lectoraux promulgu\u00e9s en vertu de la&nbsp;<em>Loi sur les \u00e9lections au sein de premi\u00e8res nations<\/em>.<\/li><\/ul>\n\n\n\n<h3 class=\"wp-block-heading\">Comment envoyer les textes l\u00e9gislatifs, r\u00e8glements administratifs, codes et autres promulgations<\/h3>\n\n\n\n<p><a href=\"https:\/\/fng.ca\/wp-content\/uploads\/2020\/06\/GPN_texte_legislatif_guide_2020-06-12.pdf\" target=\"_blank\" rel=\"noreferrer noopener\"><strong>Cliquer ici pour t\u00e9l\u00e9charger le guide concernant l\u2019envoi<\/strong><\/a><\/p>\n\n\n\n<p><a href=\"\/wp-content\/uploads\/2020\/06\/GPN_texte_legislatif_formulaire_demande_2020-05-29.pdf\" target=\"_blank\" rel=\"noreferrer noopener\"><strong>Cliquer ici pour t\u00e9l\u00e9charger le formulaire d\u2019envoi d\u2019une texte legislatif, r\u00e8glement administratif, codes ou autre promulgation comportant \u00e9galement les instructions<\/strong><\/a><\/p>\n\n\n\n<h2 class=\"wp-block-heading\">Les modifications apport\u00e9es au codes fonciers et autres promulgations des Premi\u00e8res nations qui ne sont pas sign\u00e9es par le chef et le conseil<\/h2>\n\n\n\n<p>La <em>Gazette<\/em> a des exigences pr\u00e9cises en ce qui a trait \u00e0 l\u2019envoi des modifications apport\u00e9es aux codes fonciers et des autres promulgations des Premi\u00e8res nations qui ne sont pas sign\u00e9es par le chef et le conseil. La Premi\u00e8re nation doit envoyer une copie conforme certifi\u00e9e de la promulgation \u00e0 la <em>Gazette<\/em> et donner la confirmation que la promulgation en question a \u00e9t\u00e9 faite conform\u00e9ment aux exigences des Premi\u00e8res nations.<\/p>\n\n\n\n<p>Une copie conforme certifi\u00e9e est une reproduction du document original qui est certifi\u00e9e comme \u00e9tant une reproduction fid\u00e8le. La copie conforme certifi\u00e9e est n\u00e9cessaire pour s\u2019assurer que le texte l\u00e9gislatif envoy\u00e9 a \u00e9t\u00e9 d\u00fbment promulgu\u00e9 et qu\u2019il sert \u00e0 prot\u00e9ger l\u2019int\u00e9grit\u00e9 de la <em>Gazette<\/em> en veillant \u00e0 ce que toutes les promulgations des Premi\u00e8res nations publi\u00e9es dans la <em>Gazette<\/em> aient \u00e9t\u00e9 d\u00fbment promulgu\u00e9es par une Premi\u00e8re nation.<\/p>\n\n\n\n<h3 class=\"wp-block-heading\">Comment envoyer les modifications apport\u00e9es au codes fonciers et autres promulgations des Premi\u00e8res nations qui ne sont pas sign\u00e9es par le chef et le conseil<\/h3>\n\n\n\n<p><a href=\"https:\/\/fng.ca\/wp-content\/uploads\/2020\/06\/GPN_modification_code_foncier_formulaire_demande_2020-06-12.pdf\" target=\"_blank\" rel=\"noreferrer noopener\"><strong>Cliquer ici pour t\u00e9l\u00e9charger le formulaire d\u2019envoi de modifications apport\u00e9es aux codes fonciers comportant \u00e9galement les instructions<\/strong><\/a><\/p>\n\n\n\n<p><a href=\"\/wp-content\/uploads\/2020\/06\/GPN_texte_legislatif_non_signe_formulaire_demande_2020-06-12.pdf\" target=\"_blank\" rel=\"noreferrer noopener\"><strong>Cliquer ici pour t\u00e9l\u00e9charger le formulaire d\u2019envoi des promulgations qui ne sont pas sign\u00e9es par le chef et le conseil comportant \u00e9galement les instructions<\/strong><\/a><\/p>\n","protected":false},"excerpt":{"rendered":"<p>Les avis La Gazette des premi\u00e8res nations offre un service en ligne pour la publication d\u2019avis concernant les affaires autochtones. Cela comprend les avis envoy\u00e9s par les gouvernements des Premi\u00e8res nations, les institutions gouvernementales, les organismes autochtones et le secteur priv\u00e9. Les avis sont publi\u00e9s dans la Partie I de la Gazette. Veuillez consulter la [&hellip;]<\/p>\n","protected":false},"author":1,"featured_media":3604,"parent":0,"menu_order":0,"comment_status":"closed","ping_status":"closed","template":"","meta":{"_acf_changed":false,"footnotes":""},"class_list":["post-1282","page","type-page","status-publish","has-post-thumbnail","hentry"],"acf":[],"_links":{"self":[{"href":"https:\/\/fng.ca\/fr\/wp-json\/wp\/v2\/pages\/1282","targetHints":{"allow":["GET"]}}],"collection":[{"href":"https:\/\/fng.ca\/fr\/wp-json\/wp\/v2\/pages"}],"about":[{"href":"https:\/\/fng.ca\/fr\/wp-json\/wp\/v2\/types\/page"}],"author":[{"embeddable":true,"href":"https:\/\/fng.ca\/fr\/wp-json\/wp\/v2\/users\/1"}],"replies":[{"embeddable":true,"href":"https:\/\/fng.ca\/fr\/wp-json\/wp\/v2\/comments?post=1282"}],"version-history":[{"count":34,"href":"https:\/\/fng.ca\/fr\/wp-json\/wp\/v2\/pages\/1282\/revisions"}],"predecessor-version":[{"id":8178,"href":"https:\/\/fng.ca\/fr\/wp-json\/wp\/v2\/pages\/1282\/revisions\/8178"}],"wp:featuredmedia":[{"embeddable":true,"href":"https:\/\/fng.ca\/fr\/wp-json\/wp\/v2\/media\/3604"}],"wp:attachment":[{"href":"https:\/\/fng.ca\/fr\/wp-json\/wp\/v2\/media?parent=1282"}],"curies":[{"name":"wp","href":"https:\/\/api.w.org\/{rel}","templated":true}]}}