{"id":1284,"date":"2020-01-13T12:45:47","date_gmt":"2020-01-13T20:45:47","guid":{"rendered":"http:\/\/fng.cx\/?page_id=1284"},"modified":"2021-11-19T07:01:30","modified_gmt":"2021-11-19T15:01:30","slug":"ressources","status":"publish","type":"page","link":"https:\/\/fng.ca\/fr\/ressources\/","title":{"rendered":"Foire aux questions (FAQs)"},"content":{"rendered":"\n<div class=\"wp-block-columns is-layout-flex wp-container-core-columns-is-layout-9d6595d7 wp-block-columns-is-layout-flex\">\n<div class=\"wp-block-column is-layout-flow wp-block-column-is-layout-flow\" style=\"flex-basis:33.33%\">\n<h3 class=\"faq wp-block-heading\">Liens utiles :<\/h3>\n\n\n\n<p><a href=\"https:\/\/laws-lois.justice.gc.ca\/fra\/lois\/F-11.67\/\" target=\"_blank\" rel=\"noreferrer noopener\"><em>Loi sur la gestion financi\u00e8re des premi\u00e8res nations<\/em><\/a><\/p>\n\n\n\n<p><a href=\"https:\/\/fntc.ca\/fr\/accueil\/\" target=\"_blank\" rel=\"noreferrer noopener\">Commission de la fiscalit\u00e9 des premi\u00e8res nations<\/a><\/p>\n\n\n\n<p><a href=\"https:\/\/fnfmb.com\/fr\" target=\"_blank\" rel=\"noreferrer noopener\">Conseil de gestion financi\u00e8re des Premi\u00e8res Nations<\/a><\/p>\n\n\n\n<p><a href=\"https:\/\/fnfa.ca\/fr\/\" target=\"_blank\" rel=\"noreferrer noopener\">Administration financi\u00e8re des Premi\u00e8res nations<\/a><\/p>\n<\/div>\n\n\n\n<div class=\"wp-block-column is-layout-flow wp-block-column-is-layout-flow\" style=\"flex-basis:66.66%\">\n<div class=\"wp-block-group\"><div class=\"wp-block-group__inner-container is-layout-flow wp-block-group-is-layout-flow\">\n<h2 class=\"wp-block-heading\">En quoi consiste le service de publication d\u2019avis publics?<\/h2>\n\n\n\n<p>La <em>Gazette des premi\u00e8res nations<\/em> offre un service en ligne de publication d\u2019avis relatifs aux affaires autochtones.<\/p>\n<\/div><\/div>\n\n\n\n<div class=\"wp-block-group\"><div class=\"wp-block-group__inner-container is-layout-flow wp-block-group-is-layout-flow\">\n<h2 class=\"wp-block-heading\">Qui peut envoyer des avis aux fins de publication?<\/h2>\n\n\n\n<p>Le service de publication d\u2019avis publics est ouvert \u00e0 quiconque ayant un int\u00e9r\u00eat pour les affaires autochtones, y compris les gouvernements des Premi\u00e8res nations, les autres gouvernements, les institutions gouvernementales et le secteur priv\u00e9.<\/p>\n\n\n\n<p>La <em>Gazette <\/em>vise \u00e0 offrir le service au public le plus vaste possible, y compris, sans toutefois s\u2019y limiter, les Premi\u00e8res nations, les organismes autochtones, les minist\u00e8res, les biblioth\u00e8ques, les soci\u00e9t\u00e9s d\u2019exploitation des ressources et de services publics et les membres de la communaut\u00e9 juridique.<\/p>\n\n\n\n<p>Quand un avis est envoy\u00e9, un processus est en place pour s\u2019assurer que l\u2019envoi est fait au nom du gouvernement d\u2019une Premi\u00e8re nation, des autres gouvernements, des institutions gouvernementales ou du secteur priv\u00e9.<\/p>\n<\/div><\/div>\n\n\n\n<div class=\"wp-block-group\"><div class=\"wp-block-group__inner-container is-layout-flow wp-block-group-is-layout-flow\">\n<h2 class=\"wp-block-heading\">Quels genres d\u2019avis publics la Gazette publie-t-elle?<\/h2>\n\n\n\n<p>La <em>Gazette <\/em>publie les avis concernant les affaires autochtones. Les gouvernements des Premi\u00e8res nations, les autres gouvernements, les institutions gouvernementales et le secteur priv\u00e9 sont tous les bienvenus \u00e0 utiliser le service.<\/p>\n\n\n\n<p>Voici quelques exemples d\u2019avis&nbsp;:<\/p>\n\n\n\n<ul class=\"wp-block-list\"><li>Les taux d\u2019imposition des Premi\u00e8res nations propos\u00e9s;<\/li><li>Un avis de tenue d\u2019\u00e9lections de conseil de bande;<\/li><li>Les avis de consultations et de sollicitation de l\u2019avis du public;<\/li><li>Un avis en vertu de l\u2019article 6 de la <em>Loi sur la gestion financi\u00e8re des premi\u00e8res nations <\/em>(avis concernant les projets de loi sur les recettes locales propos\u00e9s et invitation \u00e0 pr\u00e9senter des observations).<\/li><\/ul>\n\n\n\n<p><a href=\"https:\/\/fng.ca\/wp-content\/uploads\/2020\/06\/GPN_avis_guide_2020-06-12.pdf\">Cliquez ici pour consulter la Guide de transmission<\/a> des avis publics avec la liste compl\u00e8te des cat\u00e9gories d\u2019avis dont la publication est accept\u00e9e.<\/p>\n<\/div><\/div>\n\n\n\n<div class=\"wp-block-group\"><div class=\"wp-block-group__inner-container is-layout-flow wp-block-group-is-layout-flow\">\n<h2 class=\"wp-block-heading\">Quel genre de textes l\u00e9gislatifs, codes et autres promulgations la Gazette des premi\u00e8res nations accepte-t-elle de publier?<\/h2>\n\n\n\n<p>Elle accepte de publier les textes l\u00e9gislatifs, les r\u00e8glements administratifs, les codes et autres promulgations d\u00fbment promulgu\u00e9s par une Premi\u00e8re nation et pr\u00e9sent\u00e9s par une Premi\u00e8re nation ou au nom de celle-ci.<\/p>\n\n\n\n<p>Les textes l\u00e9gislatifs promulgu\u00e9s en vertu de la Loi sur la gestion financi\u00e8re des premi\u00e8res nations et les r\u00e8glements administratifs promulgu\u00e9s en vertu de l\u2019article 83 de la Loi sur les Indiens sont publi\u00e9s automatiquement dans la Gazette des premi\u00e8res nations.<\/p>\n<\/div><\/div>\n\n\n\n<div class=\"wp-block-group\"><div class=\"wp-block-group__inner-container is-layout-flow wp-block-group-is-layout-flow\">\n<h2 class=\"wp-block-heading\">Puis-je publier une annonce publicitaire dans la Gazette?<\/h2>\n\n\n\n<p>Non. Le service de publication d\u2019avis publics de la <em>Gazette <\/em>n\u2019accepte pas de publier et ne publie pas les avis comportant de la publicit\u00e9.<\/p>\n\n\n\n<p>De plus, la Gazette n\u2019acceptera pas les envois d\u2019avis \u00e0 publier comportant&nbsp;:&nbsp;&nbsp;&nbsp;&nbsp;&nbsp;&nbsp;<\/p>\n\n\n\n<ul class=\"wp-block-list\"><li>Du contenu de nature personnelle;&nbsp;&nbsp;&nbsp;&nbsp;&nbsp;&nbsp;<\/li><li>Du contenu choquant ou diffamatoire;&nbsp;&nbsp;&nbsp;&nbsp;&nbsp;<\/li><li>Du contenu politique contestable;<\/li><li>De l\u2019information fausse, inexacte, trompeuse ou frauduleuse.<\/li><\/ul>\n<\/div><\/div>\n<\/div>\n<\/div>\n","protected":false},"excerpt":{"rendered":"<p>Liens utiles : Loi sur la gestion financi\u00e8re des premi\u00e8res nations Commission de la fiscalit\u00e9 des premi\u00e8res nations Conseil de gestion financi\u00e8re des Premi\u00e8res Nations Administration financi\u00e8re des Premi\u00e8res nations En quoi consiste le service de publication d\u2019avis publics? La Gazette des premi\u00e8res nations offre un service en ligne de publication d\u2019avis relatifs aux affaires [&hellip;]<\/p>\n","protected":false},"author":1,"featured_media":708,"parent":0,"menu_order":0,"comment_status":"closed","ping_status":"closed","template":"","meta":{"_acf_changed":false,"footnotes":""},"class_list":["post-1284","page","type-page","status-publish","has-post-thumbnail","hentry"],"acf":[],"_links":{"self":[{"href":"https:\/\/fng.ca\/fr\/wp-json\/wp\/v2\/pages\/1284","targetHints":{"allow":["GET"]}}],"collection":[{"href":"https:\/\/fng.ca\/fr\/wp-json\/wp\/v2\/pages"}],"about":[{"href":"https:\/\/fng.ca\/fr\/wp-json\/wp\/v2\/types\/page"}],"author":[{"embeddable":true,"href":"https:\/\/fng.ca\/fr\/wp-json\/wp\/v2\/users\/1"}],"replies":[{"embeddable":true,"href":"https:\/\/fng.ca\/fr\/wp-json\/wp\/v2\/comments?post=1284"}],"version-history":[{"count":37,"href":"https:\/\/fng.ca\/fr\/wp-json\/wp\/v2\/pages\/1284\/revisions"}],"predecessor-version":[{"id":8109,"href":"https:\/\/fng.ca\/fr\/wp-json\/wp\/v2\/pages\/1284\/revisions\/8109"}],"wp:featuredmedia":[{"embeddable":true,"href":"https:\/\/fng.ca\/fr\/wp-json\/wp\/v2\/media\/708"}],"wp:attachment":[{"href":"https:\/\/fng.ca\/fr\/wp-json\/wp\/v2\/media?parent=1284"}],"curies":[{"name":"wp","href":"https:\/\/api.w.org\/{rel}","templated":true}]}}