{"id":6291,"date":"2020-06-07T11:29:23","date_gmt":"2020-06-07T18:29:23","guid":{"rendered":"https:\/\/fng.cx\/?page_id=6291"},"modified":"2021-10-27T11:20:41","modified_gmt":"2021-10-27T18:20:41","slug":"histoire-de-la-gazette-des-premieres-nations","status":"publish","type":"page","link":"https:\/\/fng.ca\/fr\/histoire-de-la-gazette-des-premieres-nations\/","title":{"rendered":"L&#8217;histoire de la Gazette des premi\u00e8res nations"},"content":{"rendered":"\n<div class=\"wp-block-group\"><div class=\"wp-block-group__inner-container is-layout-flow wp-block-group-is-layout-flow\">\n<h2 class=\"wp-block-heading\"><strong>Ligne du temps sur l&#8217;historique de la Gazette des Premi\u00e8res nations<\/strong><\/h2>\n\n\n\n<div class=\"wp-block-image\"><figure class=\"aligncenter size-large\"><img loading=\"lazy\" decoding=\"async\" width=\"1024\" height=\"574\" src=\"http:\/\/fng.localhost:8000\/wp-content\/uploads\/2020\/06\/timeline-scaled-fr-1024x574.jpg\" alt=\"\" class=\"wp-image-7077\" srcset=\"https:\/\/fng.ca\/wp-content\/uploads\/2020\/06\/timeline-scaled-fr-1024x574.jpg 1024w, https:\/\/fng.ca\/wp-content\/uploads\/2020\/06\/timeline-scaled-fr-300x168.jpg 300w, https:\/\/fng.ca\/wp-content\/uploads\/2020\/06\/timeline-scaled-fr-768x430.jpg 768w, https:\/\/fng.ca\/wp-content\/uploads\/2020\/06\/timeline-scaled-fr-1536x861.jpg 1536w, https:\/\/fng.ca\/wp-content\/uploads\/2020\/06\/timeline-scaled-fr-2048x1148.jpg 2048w, https:\/\/fng.ca\/wp-content\/uploads\/2020\/06\/timeline-scaled-fr-295x166.jpg 295w, https:\/\/fng.ca\/wp-content\/uploads\/2020\/06\/timeline-scaled-fr-590x332.jpg 590w\" sizes=\"auto, (max-width: 1024px) 100vw, 1024px\" \/><\/figure><\/div>\n<\/div><\/div>\n\n\n\n<div class=\"wp-block-group\"><div class=\"wp-block-group__inner-container is-layout-flow wp-block-group-is-layout-flow\">\n<h2 class=\"wp-block-heading\"><strong>Vingt ans de soutien \u00e0 la voix juridique des Premi\u00e8res nations<\/strong><\/h2>\n\n\n\n<p>Le 21 juin dernier, la Gazette des premi\u00e8res nations (GPN) a c\u00e9l\u00e9br\u00e9 son 20e anniversaire. Depuis deux d\u00e9cennies, La GPN soutient la voix juridique des Premi\u00e8res nations, r\u00f4le auquel s\u2019ajoute maintenant celui d\u2019appuyer leur autod\u00e9termination.<\/p>\n\n\n\n<p>Les lois et les r\u00e8glements qui gouvernent la vie quotidienne des Canadiens sont publi\u00e9s dans la Gazette du Canada. Celle-ci a pour r\u00f4le d\u2019impliquer les citoyens et d\u2019assurer leur acc\u00e8s \u00e0 ces textes l\u00e9gislatifs, ainsi que d\u2019aider le secteur priv\u00e9 \u00e0 respecter les exigences de la loi. Cela dit, en 1987, la Gazette du Canada a d\u00e9cid\u00e9 d\u2019exempter de publication les r\u00e8glements des Premi\u00e8res nations.<\/p>\n\n\n\n<p>\u00c0 cette \u00e9poque, plusieurs Premi\u00e8res nations commen\u00e7aient \u00e0 profter des nouvelles options l\u00e9gislatives qui leur permettaient d\u2019adopter leurs propres r\u00e8glements, notamment en mati\u00e8re d\u2019imposition fonci\u00e8re. On exigeait toutefois de ces Premi\u00e8res nations qu\u2019elles donnent avis de l\u2019adoption de ces r\u00e8glements, sans toutefois qu\u2019elles aient acc\u00e8s \u00e0 une gazette offcielle pour leur faciliter cette t\u00e2che et pour assurer la constance de la publication de ces textes.<\/p>\n\n\n\n<p>Il est devenu \u00e9vident qu\u2019il fallait aux gouvernements des Premi\u00e8res nations leur propre gazette offcielle pour satisfaire \u00e0 leur responsabilit\u00e9 d\u2019informer leurs communaut\u00e9s et leurs citoyens. Plus le nombre de Premi\u00e8res nations qui exer\u00e7aient et \u00e9largissaient leurs comp\u00e9tences en mati\u00e8re l\u00e9gale augmentait, plus ce fait acqu\u00e9rait d\u2019importance. La Commission consultative de la fiscalit\u00e9 indienne (l\u2019anc\u00eatre de la Commission de la fiscalit\u00e9 des premi\u00e8res nations) a donc commenc\u00e9 \u00e0 explorer les options qui s\u2019offraient \u00e0 elle en vue de la cr\u00e9ation d\u2019un outil pour publier les r\u00e8glements des Premi\u00e8res nations.<\/p>\n\n\n\n<p>La vision originale pour la GPN, \u00e0 laquelle elle est toujours fid\u00e8le, \u00e9tait d\u2019aider les Premi\u00e8res nations qui avaient besoin d\u2019aviser et d\u2019informer le public en ce qui a trait \u00e0 leurs promulgations l\u00e9gales.<\/p>\n\n\n\n<p>\u00abAu cours de ses 20 ann\u00e9es d\u2019existence, la Gazette des premi\u00e8res nations s\u2019est impos\u00e9e en tant que source cruciale d\u2019information concernant les textes l\u00e9gislatifs, les r\u00e8glements et les codes promulgu\u00e9s par les Premi\u00e8res nations et, plus r\u00e9cemment, d\u2019avis sur les questions qui touchent celles-ci.<\/p>\n\n\n\n<p>De nos jours, la Gazette des premi\u00e8res nations est publi\u00e9e exclusivement en format \u00e9lectronique \u00e0 la suite des changements apport\u00e9s aux processus \u00e9ditoriaux et de production, ceci dans le but d\u2019en accro\u00eetre l\u2019effcacit\u00e9 op\u00e9rationnelle, de rendre<\/p>\n\n\n\n<p>l\u2019information plus accessible et de poursuivre son objectif d\u2019informer.<\/p>\n\n\n\n<p>L\u2019innovation et le changement soul\u00e8vent toujours des incertitudes. Il en a \u00e9t\u00e9 de m\u00eame du lancement de la Gazette des premi\u00e8res nations quand il ne s\u2019agissait encore que d\u2019un projet. Ses accomplissements d\u00e9montrent toutefois son succ\u00e8s.<\/p>\n\n\n\n<p>Il ne fait aucun doute que la Gazette des premi\u00e8res nations continuera d\u2019\u00eatre une ressource dynamique et de servir ceux qui la consultent ou qui ont besoin des renseignements qu\u2019elle contient. \u00bb<\/p>\n\n\n\n<p>&#8211; Zandra Wilson, Ancienne r\u00e9dactrice en chef de la Gazette des premi\u00e8res nations<\/p>\n\n\n\n<p>La GPN a \u00e9t\u00e9 offciellement lanc\u00e9e lors de la Journ\u00e9e nationale des Autochtones de 1997, le produit d\u2019une collaboration entre la Commission consultative de la fscalit\u00e9 indienne et le Native Law Centre. Les Premi\u00e8res nations disposaient d\u00e9sormais d\u2019une voix pour leurs textes l\u00e9gislatifs, ce qui accroissait leur transparence et leur permettait d\u2019informer leurs citoyens des mesures l\u00e9gislatives qu\u2019elles adoptaient pour faire valoir leur comp\u00e9tence sur leurs terres.<\/p>\n\n\n\n<p>Le succ\u00e8s et la long\u00e9vit\u00e9 de la GPN sont dus en partie au fait que celle-ci reconna\u00eet que les Premi\u00e8res nations ont besoin d\u2019une source fable et facilement accessible d\u2019information l\u00e9gale. Plus important encore est le fait que<\/p>\n<\/div><\/div>\n","protected":false},"excerpt":{"rendered":"<p>Ligne du temps sur l&#8217;historique de la Gazette des Premi\u00e8res nations Vingt ans de soutien \u00e0 la voix juridique des Premi\u00e8res nations Le 21 juin dernier, la Gazette des premi\u00e8res nations (GPN) a c\u00e9l\u00e9br\u00e9 son 20e anniversaire. Depuis deux d\u00e9cennies, La GPN soutient la voix juridique des Premi\u00e8res nations, r\u00f4le auquel s\u2019ajoute maintenant celui d\u2019appuyer [&hellip;]<\/p>\n","protected":false},"author":3,"featured_media":3610,"parent":0,"menu_order":0,"comment_status":"closed","ping_status":"closed","template":"","meta":{"_acf_changed":false,"footnotes":""},"class_list":["post-6291","page","type-page","status-publish","has-post-thumbnail","hentry"],"acf":[],"_links":{"self":[{"href":"https:\/\/fng.ca\/fr\/wp-json\/wp\/v2\/pages\/6291","targetHints":{"allow":["GET"]}}],"collection":[{"href":"https:\/\/fng.ca\/fr\/wp-json\/wp\/v2\/pages"}],"about":[{"href":"https:\/\/fng.ca\/fr\/wp-json\/wp\/v2\/types\/page"}],"author":[{"embeddable":true,"href":"https:\/\/fng.ca\/fr\/wp-json\/wp\/v2\/users\/3"}],"replies":[{"embeddable":true,"href":"https:\/\/fng.ca\/fr\/wp-json\/wp\/v2\/comments?post=6291"}],"version-history":[{"count":27,"href":"https:\/\/fng.ca\/fr\/wp-json\/wp\/v2\/pages\/6291\/revisions"}],"predecessor-version":[{"id":8004,"href":"https:\/\/fng.ca\/fr\/wp-json\/wp\/v2\/pages\/6291\/revisions\/8004"}],"wp:featuredmedia":[{"embeddable":true,"href":"https:\/\/fng.ca\/fr\/wp-json\/wp\/v2\/media\/3610"}],"wp:attachment":[{"href":"https:\/\/fng.ca\/fr\/wp-json\/wp\/v2\/media?parent=6291"}],"curies":[{"name":"wp","href":"https:\/\/api.w.org\/{rel}","templated":true}]}}