{"id":6737,"date":"2020-06-16T14:59:34","date_gmt":"2020-06-16T21:59:34","guid":{"rendered":"https:\/\/fng.cx\/?page_id=6737"},"modified":"2021-10-27T19:04:43","modified_gmt":"2021-10-28T02:04:43","slug":"les-videos-didactiques-sur-la-facon-deffectuer-des-recherches-dans-gazette-des-premieres-nations","status":"publish","type":"page","link":"https:\/\/fng.ca\/fr\/les-videos-didactiques-sur-la-facon-deffectuer-des-recherches-dans-gazette-des-premieres-nations\/","title":{"rendered":"Les vid\u00e9os didactiques sur la fa\u00e7on d\u2019effectuer des recherches dans la GPN"},"content":{"rendered":"\n<div class=\"wp-block-group\"><div class=\"wp-block-group__inner-container is-layout-flow wp-block-group-is-layout-flow\">\n<h2 class=\"wp-block-heading\"><strong>La recherche pour les avis dans la Partie I<\/strong><\/h2>\n\n\n\n<figure class=\"wp-block-embed-youtube aligncenter wp-block-embed is-type-video is-provider-youtube wp-embed-aspect-16-9 wp-has-aspect-ratio\"><div class=\"wp-block-embed__wrapper\">\nhttps:\/\/youtu.be\/dJbSMlKJACk\n<\/div><\/figure>\n\n\n\n<div class=\"wp-block-group\"><div class=\"wp-block-group__inner-container is-layout-flow wp-block-group-is-layout-flow\">\n<h2 class=\"wp-block-heading\"><strong>La recherche pour<\/strong> <strong>les textes l\u00e9gislatifs, r\u00e8glements administratifs, codes et autres promulgations dans la Partie II<\/strong><\/h2>\n\n\n\n<figure class=\"wp-block-embed-youtube wp-block-embed is-type-video is-provider-youtube wp-embed-aspect-16-9 wp-has-aspect-ratio\"><div class=\"wp-block-embed__wrapper\">\nhttps:\/\/youtu.be\/vVmtF5HueQM\n<\/div><\/figure>\n<\/div><\/div>\n\n\n\n<div class=\"wp-block-group\"><div class=\"wp-block-group__inner-container is-layout-flow wp-block-group-is-layout-flow\">\n<h2 class=\"wp-block-heading\"><strong>La recherche dans la version num\u00e9rique annuelle de la Gazette<\/strong><\/h2>\n\n\n\n<figure class=\"wp-block-embed-youtube aligncenter wp-block-embed is-type-video is-provider-youtube wp-embed-aspect-16-9 wp-has-aspect-ratio\"><div class=\"wp-block-embed__wrapper\">\nhttps:\/\/youtu.be\/FPWtMXSGIt0\n<\/div><\/figure>\n<\/div><\/div>\n<\/div><\/div>\n","protected":false},"excerpt":{"rendered":"<p>La recherche pour les avis dans la Partie I La recherche pour les textes l\u00e9gislatifs, r\u00e8glements administratifs, codes et autres promulgations dans la Partie II La recherche dans la version num\u00e9rique annuelle de la Gazette<\/p>\n","protected":false},"author":3,"featured_media":3604,"parent":0,"menu_order":0,"comment_status":"closed","ping_status":"closed","template":"","meta":{"_acf_changed":false,"footnotes":""},"class_list":["post-6737","page","type-page","status-publish","has-post-thumbnail","hentry"],"acf":[],"_links":{"self":[{"href":"https:\/\/fng.ca\/fr\/wp-json\/wp\/v2\/pages\/6737","targetHints":{"allow":["GET"]}}],"collection":[{"href":"https:\/\/fng.ca\/fr\/wp-json\/wp\/v2\/pages"}],"about":[{"href":"https:\/\/fng.ca\/fr\/wp-json\/wp\/v2\/types\/page"}],"author":[{"embeddable":true,"href":"https:\/\/fng.ca\/fr\/wp-json\/wp\/v2\/users\/3"}],"replies":[{"embeddable":true,"href":"https:\/\/fng.ca\/fr\/wp-json\/wp\/v2\/comments?post=6737"}],"version-history":[{"count":24,"href":"https:\/\/fng.ca\/fr\/wp-json\/wp\/v2\/pages\/6737\/revisions"}],"predecessor-version":[{"id":8011,"href":"https:\/\/fng.ca\/fr\/wp-json\/wp\/v2\/pages\/6737\/revisions\/8011"}],"wp:featuredmedia":[{"embeddable":true,"href":"https:\/\/fng.ca\/fr\/wp-json\/wp\/v2\/media\/3604"}],"wp:attachment":[{"href":"https:\/\/fng.ca\/fr\/wp-json\/wp\/v2\/media?parent=6737"}],"curies":[{"name":"wp","href":"https:\/\/api.w.org\/{rel}","templated":true}]}}