{"id":7828,"date":"2021-06-02T09:30:31","date_gmt":"2021-06-02T16:30:31","guid":{"rendered":"https:\/\/fng.ca\/?page_id=7828"},"modified":"2021-11-19T06:56:12","modified_gmt":"2021-11-19T14:56:12","slug":"declaration-du-president-de-la-commission-c-t-manny-jules","status":"publish","type":"page","link":"https:\/\/fng.ca\/fr\/declaration-du-president-de-la-commission-c-t-manny-jules\/","title":{"rendered":"D\u00e9claration du pr\u00e9sident de la Commission, C.T. (Manny) Jules"},"content":{"rendered":"\n<h2 class=\"wp-block-heading\">D\u00e9claration du pr\u00e9sident de la Commission, C.T. (Manny) Jules, concernant la d\u00e9couverte sur le site de l\u2019ancien pensionnat autochtone de Kamloops<\/h2>\n\n\n\n<p>Les Canadiens sont choqu\u00e9s et attrist\u00e9s par la d\u00e9couverte, la semaine derni\u00e8re, des d\u00e9pouilles de 215 enfants enterr\u00e9s sur le site de l\u2019ancien pensionnat autochtone de Kamloops, situ\u00e9 sur Tk\u2019eml\u00faps te Secwe\u0313pemc.<\/p>\n\n\n\n<p>Les bureaux de la Commission de la fiscalit\u00e9 des premi\u00e8res nations sont situ\u00e9s \u00e0 quelques centaines de m\u00e8tres de ce site de s\u00e9pulture tragique. Je suis convaincu qu\u2019une investigation m\u00e9dico-l\u00e9gale y sera men\u00e9e.<\/p>\n\n\n\n<p>Ce pensionnat \u00e9tait administr\u00e9 par l\u2019\u00c9glise catholique romaine de 1890 \u00e0 1969 et avait accueilli jusqu\u2019\u00e0 500 \u00e9l\u00e8ves dans les ann\u00e9es 1950. J\u2019ai moi-m\u00eame fr\u00e9quent\u00e9 cet \u00e9tablissement, comme l\u2019ont fait mes parents, de nombreux membres de ma parent\u00e9 et des amis de longue date.<\/p>\n\n\n\n<p>Au fil des ans, nous avions entendu des rumeurs de la pr\u00e9sence de tombes anonymes dans la r\u00e9serve et nous avions faussement \u00e9t\u00e9 amen\u00e9s \u00e0 croire que ces enfants s\u2019\u00e9taient tout simplement enfuis. Ces enfants auraient \u00e9t\u00e9 originaires de ma communaut\u00e9 et de plus de 20 autres communaut\u00e9s repr\u00e9sentant cinq Nations \u2013 Secwepemc, Okanagan, Nlakapamux, St\u2019at\u2019imc et Tsilhqot\u2019in.<\/p>\n\n\n\n<p>Il s\u2019agit d\u2019une affaire profond\u00e9ment personnelle pour nous tous. Ma communaut\u00e9 est en deuil et elle pleurera et honorera la m\u00e9moire de ces enfants. Des c\u00e9r\u00e9monies se d\u00e9roulent actuellement dans tous les coins du pays et mon c\u0153ur d\u00e9borde de gratitude envers les personnes r\u00e9solues \u00e0 prendre soin de ces petites \u00e2mes pr\u00e9cieuses.<\/p>\n\n\n\n<p>Il y a beaucoup de questions qui sont demeur\u00e9es sans r\u00e9ponse depuis bien longtemps et nous esp\u00e9rons que cela changera maintenant. Nos pri\u00e8res et nos pens\u00e9es accompagnent ces jeunes \u00e2mes disparues, les familles afflig\u00e9es par cette trag\u00e9die ainsi que les autres survivants du syst\u00e8me des pensionnats autochtones.<\/p>\n\n\n\n<p>Kukwsts\u00e9tsemc,<\/p>\n\n\n\n<div class=\"wp-block-group signature\"><div class=\"wp-block-group__inner-container is-layout-flow wp-block-group-is-layout-flow\">\n<p>C.T. (Manny) Jules<\/p>\n\n\n\n<p>Pr\u00e9sident<\/p>\n\n\n\n<p>Commission de la fiscalit\u00e9 des premi\u00e8res nations<\/p>\n<\/div><\/div>\n","protected":false},"excerpt":{"rendered":"<p>D\u00e9claration du pr\u00e9sident de la Commission, C.T. (Manny) Jules, concernant la d\u00e9couverte sur le site de l\u2019ancien pensionnat autochtone de Kamloops Les Canadiens sont choqu\u00e9s et attrist\u00e9s par la d\u00e9couverte, la semaine derni\u00e8re, des d\u00e9pouilles de 215 enfants enterr\u00e9s sur le site de l\u2019ancien pensionnat autochtone de Kamloops, situ\u00e9 sur Tk\u2019eml\u00faps te Secwe\u0313pemc. Les bureaux [&hellip;]<\/p>\n","protected":false},"author":3,"featured_media":3604,"parent":0,"menu_order":0,"comment_status":"closed","ping_status":"closed","template":"","meta":{"_acf_changed":false,"footnotes":""},"class_list":["post-7828","page","type-page","status-publish","has-post-thumbnail","hentry"],"acf":[],"_links":{"self":[{"href":"https:\/\/fng.ca\/fr\/wp-json\/wp\/v2\/pages\/7828","targetHints":{"allow":["GET"]}}],"collection":[{"href":"https:\/\/fng.ca\/fr\/wp-json\/wp\/v2\/pages"}],"about":[{"href":"https:\/\/fng.ca\/fr\/wp-json\/wp\/v2\/types\/page"}],"author":[{"embeddable":true,"href":"https:\/\/fng.ca\/fr\/wp-json\/wp\/v2\/users\/3"}],"replies":[{"embeddable":true,"href":"https:\/\/fng.ca\/fr\/wp-json\/wp\/v2\/comments?post=7828"}],"version-history":[{"count":10,"href":"https:\/\/fng.ca\/fr\/wp-json\/wp\/v2\/pages\/7828\/revisions"}],"predecessor-version":[{"id":8144,"href":"https:\/\/fng.ca\/fr\/wp-json\/wp\/v2\/pages\/7828\/revisions\/8144"}],"wp:featuredmedia":[{"embeddable":true,"href":"https:\/\/fng.ca\/fr\/wp-json\/wp\/v2\/media\/3604"}],"wp:attachment":[{"href":"https:\/\/fng.ca\/fr\/wp-json\/wp\/v2\/media?parent=7828"}],"curies":[{"name":"wp","href":"https:\/\/api.w.org\/{rel}","templated":true}]}}